{"id":10,"date":"2017-10-08T22:02:08","date_gmt":"2017-10-08T20:02:08","guid":{"rendered":"http:\/\/esmpbadminton.com\/?page_id=10"},"modified":"2021-09-22T08:04:14","modified_gmt":"2021-09-22T06:04:14","slug":"le-club","status":"publish","type":"page","link":"https:\/\/esmpbadminton.com\/index.php\/le-club\/","title":{"rendered":"Club"},"content":{"rendered":"<p>L&#8217;ESMP Badminton fut cr\u00e9\u00e9 il y a maintenant plus de 20 ans par un membre de l&#8217;Entente Sportive Maintenon Pierres (ESMP), union qui regroupe pr\u00e8s d&#8217;une quinzaine de sections sportives.<\/p>\n<p>Implant\u00e9 historiquement sur les communes de Maintenon et Pierres, qui subventionnent le club, de nombreux licenci\u00e9s proviennent de la communaut\u00e9 de commune des Portes Eur\u00e9liennes d&#8217;Ile-de-France.<\/p>\n<p>L&#8217;ESMP Badminton accueille 1 section adulte, ainsi qu&#8217;une section jeune. L&#8217;ESMP b\u00e9n\u00e9ficie d&#8217;un gymnase r\u00e9cent avec 7 terrains.<\/p>\n","protected":false},"excerpt":{"rendered":"<div class=\"mh-excerpt\"><p>L&#8217;ESMP Badminton fut cr\u00e9\u00e9 il y a maintenant plus de 20 ans par un membre de l&#8217;Entente Sportive Maintenon Pierres (ESMP), union qui regroupe pr\u00e8s <a class=\"mh-excerpt-more\" href=\"https:\/\/esmpbadminton.com\/index.php\/le-club\/\" title=\"Club\">[&#8230;]<\/a><\/p>\n<\/div>","protected":false},"author":1,"featured_media":0,"parent":0,"menu_order":0,"comment_status":"closed","ping_status":"closed","template":"","meta":{"footnotes":""},"class_list":["post-10","page","type-page","status-publish","hentry"],"_links":{"self":[{"href":"https:\/\/esmpbadminton.com\/index.php\/wp-json\/wp\/v2\/pages\/10"}],"collection":[{"href":"https:\/\/esmpbadminton.com\/index.php\/wp-json\/wp\/v2\/pages"}],"about":[{"href":"https:\/\/esmpbadminton.com\/index.php\/wp-json\/wp\/v2\/types\/page"}],"author":[{"embeddable":true,"href":"https:\/\/esmpbadminton.com\/index.php\/wp-json\/wp\/v2\/users\/1"}],"replies":[{"embeddable":true,"href":"https:\/\/esmpbadminton.com\/index.php\/wp-json\/wp\/v2\/comments?post=10"}],"version-history":[{"count":7,"href":"https:\/\/esmpbadminton.com\/index.php\/wp-json\/wp\/v2\/pages\/10\/revisions"}],"predecessor-version":[{"id":2547,"href":"https:\/\/esmpbadminton.com\/index.php\/wp-json\/wp\/v2\/pages\/10\/revisions\/2547"}],"wp:attachment":[{"href":"https:\/\/esmpbadminton.com\/index.php\/wp-json\/wp\/v2\/media?parent=10"}],"curies":[{"name":"wp","href":"https:\/\/api.w.org\/{rel}","templated":true}]}}