{"id":105,"date":"2017-10-10T09:00:03","date_gmt":"2017-10-10T07:00:03","guid":{"rendered":"http:\/\/esmpbadminton.com\/?page_id=105"},"modified":"2024-08-30T08:04:30","modified_gmt":"2024-08-30T06:04:30","slug":"evenements","status":"publish","type":"page","link":"https:\/\/esmpbadminton.com\/index.php\/evenements\/","title":{"rendered":"Ev\u00e9nements"},"content":{"rendered":"<p>Vous trouverez dans cette rubrique les informations des \u00e9v\u00e9nements g\u00e9r\u00e9s par le club pour la saison 2024\/2025.<\/p>\n<p>Les dates \u00e0 retenir sont :<\/p>\n<ul>\n<li>27\/09\/2024: Soir\u00e9e Blackminton<\/li>\n<li>19-20\/10\/2024: Accueil du circuit d\u00e9partemental jeune<\/li>\n<li><strong>04-05\/01\/2025: Tournoi jupons-jupettes<\/strong><\/li>\n<li>26\/01\/2025: Accueil rencontre R3<\/li>\n<li><strong>24-25\/05\/2025: Tournoi des badineurs<\/strong><\/li>\n<\/ul>\n","protected":false},"excerpt":{"rendered":"<div class=\"mh-excerpt\"><p>Vous trouverez dans cette rubrique les informations des \u00e9v\u00e9nements g\u00e9r\u00e9s par le club pour la saison 2024\/2025. Les dates \u00e0 retenir sont : 27\/09\/2024: Soir\u00e9e <a class=\"mh-excerpt-more\" href=\"https:\/\/esmpbadminton.com\/index.php\/evenements\/\" title=\"Ev\u00e9nements\">[&#8230;]<\/a><\/p>\n<\/div>","protected":false},"author":1,"featured_media":0,"parent":0,"menu_order":0,"comment_status":"closed","ping_status":"closed","template":"","meta":{"footnotes":""},"class_list":["post-105","page","type-page","status-publish","hentry"],"_links":{"self":[{"href":"https:\/\/esmpbadminton.com\/index.php\/wp-json\/wp\/v2\/pages\/105"}],"collection":[{"href":"https:\/\/esmpbadminton.com\/index.php\/wp-json\/wp\/v2\/pages"}],"about":[{"href":"https:\/\/esmpbadminton.com\/index.php\/wp-json\/wp\/v2\/types\/page"}],"author":[{"embeddable":true,"href":"https:\/\/esmpbadminton.com\/index.php\/wp-json\/wp\/v2\/users\/1"}],"replies":[{"embeddable":true,"href":"https:\/\/esmpbadminton.com\/index.php\/wp-json\/wp\/v2\/comments?post=105"}],"version-history":[{"count":20,"href":"https:\/\/esmpbadminton.com\/index.php\/wp-json\/wp\/v2\/pages\/105\/revisions"}],"predecessor-version":[{"id":2704,"href":"https:\/\/esmpbadminton.com\/index.php\/wp-json\/wp\/v2\/pages\/105\/revisions\/2704"}],"wp:attachment":[{"href":"https:\/\/esmpbadminton.com\/index.php\/wp-json\/wp\/v2\/media?parent=105"}],"curies":[{"name":"wp","href":"https:\/\/api.w.org\/{rel}","templated":true}]}}