{"id":12,"date":"2017-10-08T22:11:37","date_gmt":"2017-10-08T20:11:37","guid":{"rendered":"http:\/\/esmpbadminton.com\/?page_id=12"},"modified":"2024-09-04T07:56:47","modified_gmt":"2024-09-04T05:56:47","slug":"le-bureau","status":"publish","type":"page","link":"https:\/\/esmpbadminton.com\/index.php\/le-club\/le-bureau\/","title":{"rendered":"Bureau"},"content":{"rendered":"<p>Pour cette saison 2025 \/ 2025, les membres du bureau sont :<\/p>\r\n<ul>\r\n<li><strong>Pr\u00e9sident\u00a0<\/strong>: Lo\u00efc BRUNET, <a href=\"mailto:president@esmpbadminton.com\">president@esmpbadminton.com<\/a><\/li>\r\n<li><strong>Vice Pr\u00e9sident <\/strong>: Fr\u00e9d\u00e9ric BELLEC, <a href=\"mailto:vicepresident@esmpbadminton.com\">vicepresident@esmpbadminton.com<\/a><\/li>\r\n<li><strong>Tr\u00e9sorier<\/strong> : St\u00e9phanie SEGRETAIN, <a href=\"mailto:tresorier@esmpbadminton.com\">tresorier@esmpbadminton.com<\/a><\/li>\r\n<li><strong>Tr\u00e9sorier<\/strong> <strong>adjoint<\/strong> : Marie Jos\u00e9 CELLIER, <a href=\"mailto:tresorieradjoint@esmpbadminton.com\">tresorieradjoint@esmpbadminton.com<\/a><\/li>\r\n<li><strong>Secr\u00e9taire<\/strong> : Alexandre DAVAL, <a href=\"mailto:secretaire@esmpbadminton.com\">secretaire@esmpbadminton.com<\/a><\/li>\r\n<li><strong>R\u00e9f\u00e9rente jeune<\/strong>: St\u00e9phanie BAYART, <a href=\"mailto:referent_jeune@esmpbadminton.com\">referent_jeune@esmpbadminton.com<\/a><\/li>\r\n<li><b>Autres membres\u00a0<\/b>: S\u00e9verine CORNEVIN<\/li>\r\n<\/ul>\r\n<p>Une adresse unique permet d&#8217;envoyer un mail \u00e0 l&#8217;ensemble du bureau : <a href=\"mailto:bureau@esmpbadminton.com\">bureau@esmpbadminton.com<\/a>.<\/p>\r\n\r\n\r\n","protected":false},"excerpt":{"rendered":"<div class=\"mh-excerpt\"><p>Pour cette saison 2025 \/ 2025, les membres du bureau sont : Pr\u00e9sident\u00a0: Lo\u00efc BRUNET, president@esmpbadminton.com Vice Pr\u00e9sident : Fr\u00e9d\u00e9ric BELLEC, vicepresident@esmpbadminton.com Tr\u00e9sorier : St\u00e9phanie <a class=\"mh-excerpt-more\" href=\"https:\/\/esmpbadminton.com\/index.php\/le-club\/le-bureau\/\" title=\"Bureau\">[&#8230;]<\/a><\/p>\n<\/div>","protected":false},"author":1,"featured_media":0,"parent":10,"menu_order":0,"comment_status":"closed","ping_status":"closed","template":"","meta":{"footnotes":""},"class_list":["post-12","page","type-page","status-publish","hentry"],"_links":{"self":[{"href":"https:\/\/esmpbadminton.com\/index.php\/wp-json\/wp\/v2\/pages\/12"}],"collection":[{"href":"https:\/\/esmpbadminton.com\/index.php\/wp-json\/wp\/v2\/pages"}],"about":[{"href":"https:\/\/esmpbadminton.com\/index.php\/wp-json\/wp\/v2\/types\/page"}],"author":[{"embeddable":true,"href":"https:\/\/esmpbadminton.com\/index.php\/wp-json\/wp\/v2\/users\/1"}],"replies":[{"embeddable":true,"href":"https:\/\/esmpbadminton.com\/index.php\/wp-json\/wp\/v2\/comments?post=12"}],"version-history":[{"count":18,"href":"https:\/\/esmpbadminton.com\/index.php\/wp-json\/wp\/v2\/pages\/12\/revisions"}],"predecessor-version":[{"id":2710,"href":"https:\/\/esmpbadminton.com\/index.php\/wp-json\/wp\/v2\/pages\/12\/revisions\/2710"}],"up":[{"embeddable":true,"href":"https:\/\/esmpbadminton.com\/index.php\/wp-json\/wp\/v2\/pages\/10"}],"wp:attachment":[{"href":"https:\/\/esmpbadminton.com\/index.php\/wp-json\/wp\/v2\/media?parent=12"}],"curies":[{"name":"wp","href":"https:\/\/api.w.org\/{rel}","templated":true}]}}