{"id":1827,"date":"2019-09-07T22:30:34","date_gmt":"2019-09-07T20:30:34","guid":{"rendered":"http:\/\/esmpbadminton.com\/?page_id=1827"},"modified":"2021-09-22T08:33:44","modified_gmt":"2021-09-22T06:33:44","slug":"objets-trouves","status":"publish","type":"page","link":"https:\/\/esmpbadminton.com\/index.php\/le-club\/objets-trouves\/","title":{"rendered":"Objets trouv\u00e9s"},"content":{"rendered":"\r\n<p>Vous trouverez dans cette section l&#8217;ensemble des objets trouv\u00e9s lors des s\u00e9ances, que ce soit dans les vestiaire, ou dans le gymnase.<\/p>\r\n\r\n\r\n\r\n<p>Merci aux propri\u00e9taires de se faire conna\u00eetre aupr\u00e8s du bureau pour r\u00e9cup\u00e9rer leurs biens.<\/p>\r\n\r\n\r\n","protected":false},"excerpt":{"rendered":"<div class=\"mh-excerpt\"><p>Vous trouverez dans cette section l&#8217;ensemble des objets trouv\u00e9s lors des s\u00e9ances, que ce soit dans les vestiaire, ou dans le gymnase. Merci aux propri\u00e9taires <a class=\"mh-excerpt-more\" href=\"https:\/\/esmpbadminton.com\/index.php\/le-club\/objets-trouves\/\" title=\"Objets trouv\u00e9s\">[&#8230;]<\/a><\/p>\n<\/div>","protected":false},"author":3,"featured_media":0,"parent":10,"menu_order":0,"comment_status":"closed","ping_status":"closed","template":"","meta":{"footnotes":""},"class_list":["post-1827","page","type-page","status-publish","hentry"],"_links":{"self":[{"href":"https:\/\/esmpbadminton.com\/index.php\/wp-json\/wp\/v2\/pages\/1827"}],"collection":[{"href":"https:\/\/esmpbadminton.com\/index.php\/wp-json\/wp\/v2\/pages"}],"about":[{"href":"https:\/\/esmpbadminton.com\/index.php\/wp-json\/wp\/v2\/types\/page"}],"author":[{"embeddable":true,"href":"https:\/\/esmpbadminton.com\/index.php\/wp-json\/wp\/v2\/users\/3"}],"replies":[{"embeddable":true,"href":"https:\/\/esmpbadminton.com\/index.php\/wp-json\/wp\/v2\/comments?post=1827"}],"version-history":[{"count":5,"href":"https:\/\/esmpbadminton.com\/index.php\/wp-json\/wp\/v2\/pages\/1827\/revisions"}],"predecessor-version":[{"id":2564,"href":"https:\/\/esmpbadminton.com\/index.php\/wp-json\/wp\/v2\/pages\/1827\/revisions\/2564"}],"up":[{"embeddable":true,"href":"https:\/\/esmpbadminton.com\/index.php\/wp-json\/wp\/v2\/pages\/10"}],"wp:attachment":[{"href":"https:\/\/esmpbadminton.com\/index.php\/wp-json\/wp\/v2\/media?parent=1827"}],"curies":[{"name":"wp","href":"https:\/\/api.w.org\/{rel}","templated":true}]}}