{"id":26,"date":"2017-10-08T22:27:04","date_gmt":"2017-10-08T20:27:04","guid":{"rendered":"http:\/\/esmpbadminton.com\/?page_id=26"},"modified":"2024-09-04T07:59:19","modified_gmt":"2024-09-04T05:59:19","slug":"les-creneaux","status":"publish","type":"page","link":"https:\/\/esmpbadminton.com\/index.php\/le-club\/les-creneaux\/","title":{"rendered":"Cr\u00e9neaux"},"content":{"rendered":"<p>Le club poss\u00e8de des cr\u00e9neaux pour les jeunes, et les adultes. Ces cr\u00e9neaux sont r\u00e9partis ainsi :<\/p>\n<p><strong>Les cr\u00e9neaux enfants (de 8 \u00e0 15 ans) :<\/strong><\/p>\n<ul>\n<li style=\"list-style-type: none;\">\n<ul>\n<li>Le mercredi de 18h \u00e0 19h45 : les jeunes sont encadr\u00e9s par David Villedieu, St\u00e9phanie Bayard (DAB).<\/li>\n<\/ul>\n<\/li>\n<\/ul>\n<p><!--\n \t\n\n<li><span style=\"color: #ff0000;\"><strong>Attention, le cr\u00e9neau \u00e9tant complet, nous ne prenons plus d'inscription enfant !<\/strong><\/span><\/li>\n\n\n--><\/p>\n<p><strong>Les cr\u00e9neaux adultes (\u00e0 partir de 16 ans):<\/strong><\/p>\n<ul>\n<li style=\"list-style-type: none;\">\n<ul>\n<li>Lundi de 20h \u00e0 22h20 &#8211; fermeture du gymnase \u00e0 22h30<\/li>\n<li>Mercredi de 20h \u00e0 22h20 &#8211; fermeture du gymnase \u00e0 22h30<\/li>\n<li>Vendredi de 20h \u00e0 22h20 &#8211; fermeture du gymnase \u00e0 22h30<\/li>\n<\/ul>\n<\/li>\n<\/ul>\n<p><!--\n \t\n\n<li><span style=\"color: #ff0000;\"><strong>Attention, les inscriptions adulte sont closes pour cette saison !<\/strong><\/span><\/li>\n\n\n--><\/p>\n<p><strong>Tous les cr\u00e9neaux se d\u00e9roulent au gymnase H\u00e9l\u00e8ne Boucher, \u00e0 Pierres.<\/strong><\/p>\n","protected":false},"excerpt":{"rendered":"<div class=\"mh-excerpt\"><p>Le club poss\u00e8de des cr\u00e9neaux pour les jeunes, et les adultes. Ces cr\u00e9neaux sont r\u00e9partis ainsi : Les cr\u00e9neaux enfants (de 8 \u00e0 15 ans) <a class=\"mh-excerpt-more\" href=\"https:\/\/esmpbadminton.com\/index.php\/le-club\/les-creneaux\/\" title=\"Cr\u00e9neaux\">[&#8230;]<\/a><\/p>\n<\/div>","protected":false},"author":1,"featured_media":0,"parent":10,"menu_order":0,"comment_status":"closed","ping_status":"closed","template":"","meta":{"footnotes":""},"class_list":["post-26","page","type-page","status-publish","hentry"],"_links":{"self":[{"href":"https:\/\/esmpbadminton.com\/index.php\/wp-json\/wp\/v2\/pages\/26"}],"collection":[{"href":"https:\/\/esmpbadminton.com\/index.php\/wp-json\/wp\/v2\/pages"}],"about":[{"href":"https:\/\/esmpbadminton.com\/index.php\/wp-json\/wp\/v2\/types\/page"}],"author":[{"embeddable":true,"href":"https:\/\/esmpbadminton.com\/index.php\/wp-json\/wp\/v2\/users\/1"}],"replies":[{"embeddable":true,"href":"https:\/\/esmpbadminton.com\/index.php\/wp-json\/wp\/v2\/comments?post=26"}],"version-history":[{"count":12,"href":"https:\/\/esmpbadminton.com\/index.php\/wp-json\/wp\/v2\/pages\/26\/revisions"}],"predecessor-version":[{"id":2714,"href":"https:\/\/esmpbadminton.com\/index.php\/wp-json\/wp\/v2\/pages\/26\/revisions\/2714"}],"up":[{"embeddable":true,"href":"https:\/\/esmpbadminton.com\/index.php\/wp-json\/wp\/v2\/pages\/10"}],"wp:attachment":[{"href":"https:\/\/esmpbadminton.com\/index.php\/wp-json\/wp\/v2\/media?parent=26"}],"curies":[{"name":"wp","href":"https:\/\/api.w.org\/{rel}","templated":true}]}}