{"id":707,"date":"2018-08-16T22:40:32","date_gmt":"2018-08-16T20:40:32","guid":{"rendered":"http:\/\/esmpbadminton.com\/?page_id=707"},"modified":"2024-08-30T08:00:49","modified_gmt":"2024-08-30T06:00:49","slug":"tournoi","status":"publish","type":"page","link":"https:\/\/esmpbadminton.com\/index.php\/tournoi\/","title":{"rendered":"Tournoi"},"content":{"rendered":"<p>L&#8217;inscription aux diff\u00e9rents tournois est \u00e0 r\u00e9aliser par chacun, directement sur le site <a href=\"https:\/\/www.badnet.org\/Src\/index.php\" target=\"_blank\" rel=\"noopener\">BadNet<\/a>. Si le tournoi auquel vous souhaitez vous inscrire n&#8217;est pas g\u00e9r\u00e9 par BadNet, merci de vous rapprocher d&#8217;un membre du bureau pour d\u00e9finir ensemble la d\u00e9marche \u00e0 suivre.<\/p>\n<p>&nbsp;<\/p>\n<p>Concernant nos tournois cette saison, les dates \u00e0 retenir sont :<\/p>\n<ul>\n<li>04-05\/01\/2025 : tournoi Jupons \/ jupettes<\/li>\n<li>24-25\/05\/2025 : tournoi des badineurs<\/li>\n<\/ul>\n","protected":false},"excerpt":{"rendered":"<div class=\"mh-excerpt\"><p>L&#8217;inscription aux diff\u00e9rents tournois est \u00e0 r\u00e9aliser par chacun, directement sur le site BadNet. Si le tournoi auquel vous souhaitez vous inscrire n&#8217;est pas g\u00e9r\u00e9 <a class=\"mh-excerpt-more\" href=\"https:\/\/esmpbadminton.com\/index.php\/tournoi\/\" title=\"Tournoi\">[&#8230;]<\/a><\/p>\n<\/div>","protected":false},"author":3,"featured_media":0,"parent":0,"menu_order":0,"comment_status":"closed","ping_status":"closed","template":"","meta":{"footnotes":""},"class_list":["post-707","page","type-page","status-publish","hentry"],"_links":{"self":[{"href":"https:\/\/esmpbadminton.com\/index.php\/wp-json\/wp\/v2\/pages\/707"}],"collection":[{"href":"https:\/\/esmpbadminton.com\/index.php\/wp-json\/wp\/v2\/pages"}],"about":[{"href":"https:\/\/esmpbadminton.com\/index.php\/wp-json\/wp\/v2\/types\/page"}],"author":[{"embeddable":true,"href":"https:\/\/esmpbadminton.com\/index.php\/wp-json\/wp\/v2\/users\/3"}],"replies":[{"embeddable":true,"href":"https:\/\/esmpbadminton.com\/index.php\/wp-json\/wp\/v2\/comments?post=707"}],"version-history":[{"count":9,"href":"https:\/\/esmpbadminton.com\/index.php\/wp-json\/wp\/v2\/pages\/707\/revisions"}],"predecessor-version":[{"id":2703,"href":"https:\/\/esmpbadminton.com\/index.php\/wp-json\/wp\/v2\/pages\/707\/revisions\/2703"}],"wp:attachment":[{"href":"https:\/\/esmpbadminton.com\/index.php\/wp-json\/wp\/v2\/media?parent=707"}],"curies":[{"name":"wp","href":"https:\/\/api.w.org\/{rel}","templated":true}]}}