{"id":95,"date":"2017-10-10T08:49:40","date_gmt":"2017-10-10T06:49:40","guid":{"rendered":"http:\/\/esmpbadminton.com\/?page_id=95"},"modified":"2020-08-25T22:29:02","modified_gmt":"2020-08-25T20:29:02","slug":"contact","status":"publish","type":"page","link":"https:\/\/esmpbadminton.com\/index.php\/contact\/","title":{"rendered":"Contact"},"content":{"rendered":"<p>Pour toute demande d&#8217;ajout, de modification, ou de suppression de contenu, merci d&#8217;adresser votre demande \u00e0 : <a href=\"mailto:postmaster@esmpbadminton.com\">postmaster@esmpbadminton.com<\/a>.<\/p>\n<p>Pour toute demande d&#8217;information g\u00e9n\u00e9rale, merci de vous adresser aux membres du bureau :\u00a0<a href=\"mailto:bureau@esmpbadminton.com\">bureau@esmpbadminton.com<\/a><\/p>\n<p>Merci,<\/p>\n<p><a href=\"https:\/\/esmpbadminton.com\/wp-content\/uploads\/2017\/10\/logo_couleur.jpg\"><img loading=\"lazy\" decoding=\"async\" class=\"alignnone size-full wp-image-30\" src=\"https:\/\/esmpbadminton.com\/wp-content\/uploads\/2017\/10\/logo_couleur.jpg\" alt=\"\" width=\"200\" height=\"80\" \/><\/a><\/p>\n","protected":false},"excerpt":{"rendered":"<div class=\"mh-excerpt\"><p>Pour toute demande d&#8217;ajout, de modification, ou de suppression de contenu, merci d&#8217;adresser votre demande \u00e0 : postmaster@esmpbadminton.com. Pour toute demande d&#8217;information g\u00e9n\u00e9rale, merci de <a class=\"mh-excerpt-more\" href=\"https:\/\/esmpbadminton.com\/index.php\/contact\/\" title=\"Contact\">[&#8230;]<\/a><\/p>\n<\/div>","protected":false},"author":1,"featured_media":0,"parent":0,"menu_order":0,"comment_status":"closed","ping_status":"closed","template":"","meta":{"footnotes":""},"class_list":["post-95","page","type-page","status-publish","hentry"],"_links":{"self":[{"href":"https:\/\/esmpbadminton.com\/index.php\/wp-json\/wp\/v2\/pages\/95"}],"collection":[{"href":"https:\/\/esmpbadminton.com\/index.php\/wp-json\/wp\/v2\/pages"}],"about":[{"href":"https:\/\/esmpbadminton.com\/index.php\/wp-json\/wp\/v2\/types\/page"}],"author":[{"embeddable":true,"href":"https:\/\/esmpbadminton.com\/index.php\/wp-json\/wp\/v2\/users\/1"}],"replies":[{"embeddable":true,"href":"https:\/\/esmpbadminton.com\/index.php\/wp-json\/wp\/v2\/comments?post=95"}],"version-history":[{"count":6,"href":"https:\/\/esmpbadminton.com\/index.php\/wp-json\/wp\/v2\/pages\/95\/revisions"}],"predecessor-version":[{"id":2494,"href":"https:\/\/esmpbadminton.com\/index.php\/wp-json\/wp\/v2\/pages\/95\/revisions\/2494"}],"wp:attachment":[{"href":"https:\/\/esmpbadminton.com\/index.php\/wp-json\/wp\/v2\/media?parent=95"}],"curies":[{"name":"wp","href":"https:\/\/api.w.org\/{rel}","templated":true}]}}