{"id":97,"date":"2017-10-10T08:52:40","date_gmt":"2017-10-10T06:52:40","guid":{"rendered":"http:\/\/esmpbadminton.com\/?page_id=97"},"modified":"2024-09-04T07:58:50","modified_gmt":"2024-09-04T05:58:50","slug":"competitions-jeunes","status":"publish","type":"page","link":"https:\/\/esmpbadminton.com\/index.php\/competitions-jeunes\/","title":{"rendered":"Comp\u00e9titions jeunes"},"content":{"rendered":"<p style=\"text-align: center;\"><strong>SECTION JEUNES : INFORMATIONS et COMPETITIONS<\/strong><\/p>\n<p>Les s\u00e9ances d&#8217;entrainements sont encadr\u00e9es par David Villedieu (intervenant sp\u00e9cialis\u00e9 dipl\u00f4m\u00e9 d&#8217;\u00e9tat) et par St\u00e9phanie Bayard (B\u00e9n\u00e9vole form\u00e9e \u00e0 l&#8217;encadrement). Des groupes de niveau seront mis en place, m\u00e9langeant \u00e2ge et niveau de badminton. Il s&#8217;agira \u00e0 la fois de d\u00e9couvrir le badminton, de progresser et de se faire plaisir dans une ambiance agr\u00e9able tout en se respectant les uns les autres.<\/p>\n<p>L\u2019ESMP Badminton propose aux enfants inscrits au club diff\u00e9rentes comp\u00e9titions d\u00e9partementales et r\u00e9gionales en fonction de leur cat\u00e9gorie d\u2019\u00e2ge et de leur niveau.<\/p>\n<p>Nous vous rappelons d\u2019ores et d\u00e9j\u00e0 que le club, par l\u2019interm\u00e9diaire des personnes r\u00e9f\u00e9rentes de la section jeunes St\u00e9phanie BAYARD et David VILLEDIEU, n\u2019assurent que <strong>l\u2019information et les inscriptions<\/strong> pour les diff\u00e9rentes comp\u00e9titions. <strong>Aucun membre du club ne prend en charge les enfants, ni pour le d\u00e9placement, ni pour l\u2019accompagnement tout au long de la comp\u00e9tition<\/strong>. Il est donc demand\u00e9 aux parents d\u2019accompagner et de suivre leurs enfants pour une question de responsabilit\u00e9.<\/p>\n<p>&nbsp;<\/p>\n<p><strong><u>Cat\u00e9gories d\u2019\u00e2ges<\/u> : <\/strong><\/p>\n<ul>\n<li>Mini-bad : Moins 7ans<\/li>\n<li>Poussins : 8-10 ans<\/li>\n<li>Benjamins\u00a0: 11-12 ans<\/li>\n<li>Minimes\u00a0: 13-14 ans<\/li>\n<li>Cadets\u00a0: 15-16 ans<\/li>\n<li>Juniors\u00a0: +17ans<\/li>\n<\/ul>\n<p>&nbsp;<\/p>\n<p><strong><u>Des comp\u00e9titions adapt\u00e9es \u00e0 chaque cat\u00e9gories\u00a0:<\/u><\/strong><\/p>\n<ul>\n<li><span style=\"color: #3366ff;\"><strong>plateaux mini-bad<\/strong>\u00a0\/<strong>poussins<\/strong><\/span> : Rencontres pour les plus jeunes\u00a0: mini-bad et poussins.<\/li>\n<\/ul>\n<p>3 ou 4 fois par an, le Comit\u00e9 D\u00e9partemental organise des rassemblements de <u>jeunes<\/u> joueurs sur des demi-journ\u00e9es afin de retrouver d\u2019autres clubs et d\u2019autres encadrants pour pratiquer le badminton. C\u2019est une approche de la comp\u00e9tition ludique sous forme d\u2019entra\u00eenement commun et d\u2019une phase de jeux \u00a0pour les enfants de moins de 10 ans.<\/p>\n<ul>\n<li><strong><span style=\"color: #3366ff;\">Rencontre D\u00e9partementale Jeunes (RDJ)\/ poussin et benjamins d\u00e9butants<\/span> : <\/strong>pour les 9-11 ans d\u00e9butants.<\/li>\n<\/ul>\n<p>Demi-journ\u00e9e organis\u00e9e par le Comit\u00e9 D\u00e9partemental, sous forme de rassemblements jeunes sur le d\u00e9partement, entrainement commun et phase de mini tournoi amicale, encadr\u00e9e par des animateurs et entra\u00eeneurs.<\/p>\n<ul>\n<li><strong><span style=\"color: #3366ff;\">Tournoi D\u00e9partemental Jeunes\u00a0 (TDJ)<\/span>\u00a0<\/strong>: Pour les plus grands (\u00e0 partir de 10 ans pour les confirm\u00e9s).<\/li>\n<\/ul>\n<p>A voir avec l\u2019entraineur pour les plus jeunes. \u00a0C\u2019est une comp\u00e9tition officielle qui se fait sous forme de <strong>championnat<\/strong>. Cependant, il est aussi possible de s\u2019inscrire ponctuellement dans l\u2019ann\u00e9e. Le TDJ se fait par niveau de jeu et certaines cat\u00e9gories peuvent \u00eatre m\u00e9lang\u00e9es.<\/p>\n<p>&nbsp;<\/p>\n<p>Pour chaque date, vous choisissez d\u2019inscrire votre enfant sur 1 ou 2 tableaux (simple et\/ou double). Les tableaux de simples se joueront les samedi et les doubles ou doubles mixtes le dimanche. Attention, cependant pour les mini-bad et poussins les tableaux se joueront le dimanche. (Exception faite pour les enfants qui auront le niveau d\u2019\u00eatre m\u00e9lang\u00e9s aux autres joueurs \u2013 cf l\u2019entra\u00eeneur pour les cas particuliers). L\u2019inscription se fait environ 15 jours avant la comp\u00e9tition. Les frais d\u2019inscription (7euros par tournoi) sont pris en charge par le club.<\/p>\n<p>Les convocations pr\u00e9cisant le jour et l\u2019heure du premier match seront communiqu\u00e9es par mail le mercredi pr\u00e9c\u00e9dant la comp\u00e9tition et certaines modifications de convocations peuvent avoir lieu jusqu\u2019\u00e0 la veille au soir. Il est important de surveiller vos mails lorsque vous inscrivez vos enfants. Il est rappel\u00e9 que toute annulation autre que pour un motif m\u00e9dical\u00a0 (certificat m\u00e9dical \u00e0 fournir) entrainera \u00a0une sanction financi\u00e8re \u00e0 la charge du joueur et une suspension de participation \u00e0 une comp\u00e9tition officielle.<\/p>\n<p>Dans tous les cas, nous serons l\u00e0 pour vous guider et vous expliquer les choses qui vous paraissent un peu compliqu\u00e9es \u00e0 ce jour.<\/p>\n<p>&nbsp;<\/p>\n<p><strong>L\u2019\u00e9quipe d\u2019encadrement de la Section Jeunes, <\/strong><strong>vous souhaite la bienvenue et une bonne saison \u00e0 nos c\u00f4t\u00e9s.<\/strong><\/p>\n","protected":false},"excerpt":{"rendered":"<div class=\"mh-excerpt\"><p>SECTION JEUNES : INFORMATIONS et COMPETITIONS Les s\u00e9ances d&#8217;entrainements sont encadr\u00e9es par David Villedieu (intervenant sp\u00e9cialis\u00e9 dipl\u00f4m\u00e9 d&#8217;\u00e9tat) et par St\u00e9phanie Bayard (B\u00e9n\u00e9vole form\u00e9e \u00e0 <a class=\"mh-excerpt-more\" href=\"https:\/\/esmpbadminton.com\/index.php\/competitions-jeunes\/\" title=\"Comp\u00e9titions jeunes\">[&#8230;]<\/a><\/p>\n<\/div>","protected":false},"author":1,"featured_media":99,"parent":0,"menu_order":0,"comment_status":"closed","ping_status":"closed","template":"","meta":{"footnotes":""},"class_list":["post-97","page","type-page","status-publish","has-post-thumbnail","hentry"],"_links":{"self":[{"href":"https:\/\/esmpbadminton.com\/index.php\/wp-json\/wp\/v2\/pages\/97"}],"collection":[{"href":"https:\/\/esmpbadminton.com\/index.php\/wp-json\/wp\/v2\/pages"}],"about":[{"href":"https:\/\/esmpbadminton.com\/index.php\/wp-json\/wp\/v2\/types\/page"}],"author":[{"embeddable":true,"href":"https:\/\/esmpbadminton.com\/index.php\/wp-json\/wp\/v2\/users\/1"}],"replies":[{"embeddable":true,"href":"https:\/\/esmpbadminton.com\/index.php\/wp-json\/wp\/v2\/comments?post=97"}],"version-history":[{"count":14,"href":"https:\/\/esmpbadminton.com\/index.php\/wp-json\/wp\/v2\/pages\/97\/revisions"}],"predecessor-version":[{"id":2713,"href":"https:\/\/esmpbadminton.com\/index.php\/wp-json\/wp\/v2\/pages\/97\/revisions\/2713"}],"wp:featuredmedia":[{"embeddable":true,"href":"https:\/\/esmpbadminton.com\/index.php\/wp-json\/wp\/v2\/media\/99"}],"wp:attachment":[{"href":"https:\/\/esmpbadminton.com\/index.php\/wp-json\/wp\/v2\/media?parent=97"}],"curies":[{"name":"wp","href":"https:\/\/api.w.org\/{rel}","templated":true}]}}